{"id":17760,"date":"2016-01-18T20:40:57","date_gmt":"2016-01-19T00:40:57","guid":{"rendered":"https:\/\/inmonos.com\/proprietes-preferees\/"},"modified":"2016-01-18T20:40:57","modified_gmt":"2016-01-19T00:40:57","slug":"proprietes-preferees","status":"publish","type":"page","link":"https:\/\/inmonos.com\/fr\/proprietes-preferees\/","title":{"rendered":"Propri\u00e9t\u00e9s pr\u00e9f\u00e9r\u00e9es"},"content":{"rendered":"","protected":false},"excerpt":{"rendered":"","protected":false},"author":129,"featured_media":0,"parent":0,"menu_order":0,"comment_status":"closed","ping_status":"closed","template":"template\/user_dashboard_favorites.php","meta":{"_seopress_robots_primary_cat":"","_seopress_titles_title":"","_seopress_titles_desc":"","_seopress_robots_index":"","om_disable_all_campaigns":false,"footnotes":""},"class_list":["post-17760","page","type-page","status-publish","hentry"],"_links":{"self":[{"href":"https:\/\/inmonos.com\/fr\/wp-json\/wp\/v2\/pages\/17760","targetHints":{"allow":["GET"]}}],"collection":[{"href":"https:\/\/inmonos.com\/fr\/wp-json\/wp\/v2\/pages"}],"about":[{"href":"https:\/\/inmonos.com\/fr\/wp-json\/wp\/v2\/types\/page"}],"author":[{"embeddable":true,"href":"https:\/\/inmonos.com\/fr\/wp-json\/wp\/v2\/users\/129"}],"replies":[{"embeddable":true,"href":"https:\/\/inmonos.com\/fr\/wp-json\/wp\/v2\/comments?post=17760"}],"version-history":[{"count":0,"href":"https:\/\/inmonos.com\/fr\/wp-json\/wp\/v2\/pages\/17760\/revisions"}],"wp:attachment":[{"href":"https:\/\/inmonos.com\/fr\/wp-json\/wp\/v2\/media?parent=17760"}],"curies":[{"name":"wp","href":"https:\/\/api.w.org\/{rel}","templated":true}]}}